{"id":47,"date":"2024-02-26T10:42:02","date_gmt":"2024-02-26T09:42:02","guid":{"rendered":"https:\/\/brivelimousinco.fr\/?page_id=47"},"modified":"2026-03-30T18:46:24","modified_gmt":"2026-03-30T16:46:24","slug":"accueil","status":"publish","type":"page","link":"https:\/\/brivelimousinco.fr\/","title":{"rendered":"Accueil"},"content":{"rendered":"\t\t<div data-elementor-type=\"wp-page\" data-elementor-id=\"47\" class=\"elementor elementor-47\">\n\t\t\t\t<div class=\"elementor-element elementor-element-de41e76 e-con-full e-flex e-con e-parent\" data-id=\"de41e76\" data-element_type=\"container\" data-e-type=\"container\" data-settings=\"{&quot;background_background&quot;:&quot;classic&quot;,&quot;shape_divider_top&quot;:&quot;tilt&quot;,&quot;shape_divider_bottom&quot;:&quot;tilt&quot;}\">\n\t\t\t\t<div class=\"elementor-shape elementor-shape-top\" aria-hidden=\"true\" data-negative=\"false\">\n\t\t\t<svg xmlns=\"http:\/\/www.w3.org\/2000\/svg\" viewBox=\"0 0 1000 100\" preserveAspectRatio=\"none\">\n\t<path class=\"elementor-shape-fill\" d=\"M0,6V0h1000v100L0,6z\"\/>\n<\/svg>\t\t<\/div>\n\t\t\t\t<div class=\"elementor-shape elementor-shape-bottom\" aria-hidden=\"true\" data-negative=\"false\">\n\t\t\t<svg xmlns=\"http:\/\/www.w3.org\/2000\/svg\" viewBox=\"0 0 1000 100\" preserveAspectRatio=\"none\">\n\t<path class=\"elementor-shape-fill\" d=\"M0,6V0h1000v100L0,6z\"\/>\n<\/svg>\t\t<\/div>\n\t\t\t\t<div class=\"elementor-element elementor-element-980d2de elementor-widget__width-inherit elementor-widget elementor-widget-heading\" data-id=\"980d2de\" data-element_type=\"widget\" data-e-type=\"widget\" data-widget_type=\"heading.default\">\n\t\t\t\t<div class=\"elementor-widget-container\">\n\t\t\t\t\t<h2 class=\"elementor-heading-title elementor-size-default\">Brive Limousin Course d'Orientation<\/h2>\t\t\t\t<\/div>\n\t\t\t\t<\/div>\n\t\t\t\t<\/div>\n\t\t<div class=\"elementor-element elementor-element-3e2fcc6 e-flex e-con-boxed e-con e-parent\" data-id=\"3e2fcc6\" data-element_type=\"container\" data-e-type=\"container\" data-settings=\"{&quot;shape_divider_bottom&quot;:&quot;opacity-fan&quot;}\">\n\t\t\t\t\t<div class=\"e-con-inner\">\n\t\t\t\t<div class=\"elementor-shape elementor-shape-bottom\" aria-hidden=\"true\" data-negative=\"false\">\n\t\t\t<svg xmlns=\"http:\/\/www.w3.org\/2000\/svg\" viewBox=\"0 0 283.5 19.6\" preserveAspectRatio=\"none\">\n\t<path class=\"elementor-shape-fill\" style=\"opacity:0.33\" d=\"M0 0L0 18.8 141.8 4.1 283.5 18.8 283.5 0z\"\/>\n\t<path class=\"elementor-shape-fill\" style=\"opacity:0.33\" d=\"M0 0L0 12.6 141.8 4 283.5 12.6 283.5 0z\"\/>\n\t<path class=\"elementor-shape-fill\" style=\"opacity:0.33\" d=\"M0 0L0 6.4 141.8 4 283.5 6.4 283.5 0z\"\/>\n\t<path class=\"elementor-shape-fill\" d=\"M0 0L0 1.2 141.8 4 283.5 1.2 283.5 0z\"\/>\n<\/svg>\t\t<\/div>\n\t\t\t\t<div class=\"elementor-element elementor-element-9863064 elementor-widget elementor-widget-heading\" data-id=\"9863064\" data-element_type=\"widget\" data-e-type=\"widget\" data-widget_type=\"heading.default\">\n\t\t\t\t<div class=\"elementor-widget-container\">\n\t\t\t\t\t<h2 class=\"elementor-heading-title elementor-size-default\"><span style=\"font-size: 1.875rem\">Week-end du 28-29\/03<\/span><\/h2>\t\t\t\t<\/div>\n\t\t\t\t<\/div>\n\t\t\t\t<div class=\"elementor-element elementor-element-14954b8 elementor-widget elementor-widget-text-editor\" data-id=\"14954b8\" data-element_type=\"widget\" data-e-type=\"widget\" data-widget_type=\"text-editor.default\">\n\t\t\t\t<div class=\"elementor-widget-container\">\n\t\t\t\t\t\t\t\t\t<p>R\u00e9sultats Championnat de France Universitaire et Championnat de Ligue Nouvelle Aquitaine de Relais Sprint :<\/p><p><a href=\"http:\/\/brivelimousinco.fr\/wp-content\/uploads\/2026\/03\/CFUCL_RS2026_ResultsCategories.html\" target=\"_blank\" rel=\"noopener\">Par cat\u00e9gories<\/a> &#8211; <a href=\"http:\/\/brivelimousinco.fr\/wp-content\/uploads\/2026\/03\/CFU_RS_2026_Splits.html\" target=\"_blank\" rel=\"noopener\">Temps interm\u00e9diaires CFU<\/a> &#8211; <a href=\"http:\/\/brivelimousinco.fr\/wp-content\/uploads\/2026\/03\/CL_NA_RS_2026_Splits.html\" target=\"_blank\" rel=\"noopener\">Temps interm\u00e9diaires Chpt Ligue NA<\/a><\/p><p>R\u00e9sultats Championnat de France Universitaire de Longue Distance :<\/p><p><a href=\"http:\/\/brivelimousinco.fr\/wp-content\/uploads\/2026\/03\/CFU2026_LD_2025_Masseret_ResCategories.html\" target=\"_blank\" rel=\"noopener\">Classement par cat\u00e9gories<\/a> &#8211; <a href=\"http:\/\/brivelimousinco.fr\/wp-content\/uploads\/2026\/03\/CFU2026_LD_Masseret_Splits_Categories.html\" target=\"_blank\" rel=\"noopener\">Temps interm\u00e9diaires CFU<\/a><\/p><p>R\u00e9sultats Championnat de Ligue Nouvelle Aquitaine de Longue Distance :\u00a0<\/p><p><a href=\"http:\/\/brivelimousinco.fr\/wp-content\/uploads\/2026\/03\/CLNA2026_LD_Masseret_ResCategories.html\" target=\"_blank\" rel=\"noopener\">Classement par cat\u00e9gories<\/a> &#8211;\u00a0<a href=\"http:\/\/brivelimousinco.fr\/wp-content\/uploads\/2026\/03\/CLNA2026_LD_Masseret_Splits_Categories.html\" target=\"_blank\" rel=\"noopener\">Temps interm\u00e9diaires Chpt Ligue NA<\/a><\/p>\t\t\t\t\t\t\t\t<\/div>\n\t\t\t\t<\/div>\n\t\t\t\t<div class=\"elementor-element elementor-element-ecca32c elementor-widget elementor-widget-heading\" data-id=\"ecca32c\" data-element_type=\"widget\" data-e-type=\"widget\" data-widget_type=\"heading.default\">\n\t\t\t\t<div class=\"elementor-widget-container\">\n\t\t\t\t\t<h2 class=\"elementor-heading-title elementor-size-default\">Qui sommes-nous ?<\/h2>\t\t\t\t<\/div>\n\t\t\t\t<\/div>\n\t\t\t\t<div class=\"elementor-element elementor-element-b8a2135 elementor-widget elementor-widget-text-editor\" data-id=\"b8a2135\" data-element_type=\"widget\" data-e-type=\"widget\" data-widget_type=\"text-editor.default\">\n\t\t\t\t<div class=\"elementor-widget-container\">\n\t\t\t\t\t\t\t\t\t<p>Brive Limousin Course d&#8217;Orientation est un jeune club n\u00e9 en 2024 de la fusion des 3 principaux clubs de la r\u00e9gion Limousin : Brive Corr\u00e8ze CO, Orientation 87 et Creuse Oxyg\u00e8ne. Le club compte actuellement 73 licenci\u00e9s, des athl\u00e8tes de haut niveau qui nous repr\u00e9sentent \u00e0 l&#8217;international aux coureurs loisirs qui participent activement \u00e0 la vie du club, il y en a pour tous les go\u00fbt, alors n&#8217;h\u00e9sitez pas \u00e0 nous contacter si vous souhaitez d\u00e9couvrir la course d&#8217;orientation en Limousin !<\/p>\t\t\t\t\t\t\t\t<\/div>\n\t\t\t\t<\/div>\n\t\t\t\t<div class=\"elementor-element elementor-element-4fbf7f1 elementor-widget elementor-widget-image\" data-id=\"4fbf7f1\" data-element_type=\"widget\" data-e-type=\"widget\" data-widget_type=\"image.default\">\n\t\t\t\t<div class=\"elementor-widget-container\">\n\t\t\t\t\t\t\t\t\t\t\t\t\t\t\t<img fetchpriority=\"high\" decoding=\"async\" width=\"4000\" height=\"2250\" src=\"https:\/\/brivelimousinco.fr\/wp-content\/uploads\/2024\/05\/Bureau_PPT-2.png\" class=\"attachment-full size-full wp-image-216\" alt=\"\" srcset=\"https:\/\/brivelimousinco.fr\/wp-content\/uploads\/2024\/05\/Bureau_PPT-2.png 4000w, https:\/\/brivelimousinco.fr\/wp-content\/uploads\/2024\/05\/Bureau_PPT-2-300x169.png 300w, https:\/\/brivelimousinco.fr\/wp-content\/uploads\/2024\/05\/Bureau_PPT-2-1024x576.png 1024w, https:\/\/brivelimousinco.fr\/wp-content\/uploads\/2024\/05\/Bureau_PPT-2-768x432.png 768w, https:\/\/brivelimousinco.fr\/wp-content\/uploads\/2024\/05\/Bureau_PPT-2-1536x864.png 1536w, https:\/\/brivelimousinco.fr\/wp-content\/uploads\/2024\/05\/Bureau_PPT-2-2048x1152.png 2048w\" sizes=\"(max-width: 4000px) 100vw, 4000px\" \/>\t\t\t\t\t\t\t\t\t\t\t\t\t\t\t<\/div>\n\t\t\t\t<\/div>\n\t\t\t\t\t<\/div>\n\t\t\t\t<\/div>\n\t\t\t\t<\/div>\n\t\t","protected":false},"excerpt":{"rendered":"<p>Brive Limousin Course d&#8217;Orientation Week-end du 28-29\/03 R\u00e9sultats Championnat de France Universitaire et Championnat de Ligue Nouvelle Aquitaine de Relais [&hellip;]<\/p>\n","protected":false},"author":1,"featured_media":0,"parent":0,"menu_order":0,"comment_status":"closed","ping_status":"closed","template":"","meta":{"om_disable_all_campaigns":false,"_monsterinsights_skip_tracking":false,"_monsterinsights_sitenote_active":false,"_monsterinsights_sitenote_note":"","_monsterinsights_sitenote_category":0,"site-sidebar-layout":"no-sidebar","site-content-layout":"","ast-site-content-layout":"full-width-container","site-content-style":"default","site-sidebar-style":"default","ast-global-header-display":"","ast-banner-title-visibility":"","ast-main-header-display":"","ast-hfb-above-header-display":"","ast-hfb-below-header-display":"","ast-hfb-mobile-header-display":"","site-post-title":"disabled","ast-breadcrumbs-content":"","ast-featured-img":"disabled","footer-sml-layout":"","ast-disable-related-posts":"","theme-transparent-header-meta":"","adv-header-id-meta":"","stick-header-meta":"","header-above-stick-meta":"","header-main-stick-meta":"","header-below-stick-meta":"","astra-migrate-meta-layouts":"default","ast-page-background-enabled":"default","ast-page-background-meta":{"desktop":{"background-color":"var(--ast-global-color-4)","background-image":"","background-repeat":"repeat","background-position":"center center","background-size":"auto","background-attachment":"scroll","background-type":"","background-media":"","overlay-type":"","overlay-color":"","overlay-opacity":"","overlay-gradient":""},"tablet":{"background-color":"","background-image":"","background-repeat":"repeat","background-position":"center center","background-size":"auto","background-attachment":"scroll","background-type":"","background-media":"","overlay-type":"","overlay-color":"","overlay-opacity":"","overlay-gradient":""},"mobile":{"background-color":"","background-image":"","background-repeat":"repeat","background-position":"center center","background-size":"auto","background-attachment":"scroll","background-type":"","background-media":"","overlay-type":"","overlay-color":"","overlay-opacity":"","overlay-gradient":""}},"ast-content-background-meta":{"desktop":{"background-color":"var(--ast-global-color-5)","background-image":"","background-repeat":"repeat","background-position":"center center","background-size":"auto","background-attachment":"scroll","background-type":"","background-media":"","overlay-type":"","overlay-color":"","overlay-opacity":"","overlay-gradient":""},"tablet":{"background-color":"var(--ast-global-color-5)","background-image":"","background-repeat":"repeat","background-position":"center center","background-size":"auto","background-attachment":"scroll","background-type":"","background-media":"","overlay-type":"","overlay-color":"","overlay-opacity":"","overlay-gradient":""},"mobile":{"background-color":"var(--ast-global-color-5)","background-image":"","background-repeat":"repeat","background-position":"center center","background-size":"auto","background-attachment":"scroll","background-type":"","background-media":"","overlay-type":"","overlay-color":"","overlay-opacity":"","overlay-gradient":""}},"footnotes":""},"class_list":["post-47","page","type-page","status-publish","hentry"],"yoast_head":"<!-- This site is optimized with the Yoast SEO plugin v27.4 - https:\/\/yoast.com\/product\/yoast-seo-wordpress\/ -->\n<title>Brive Limousin Course d&#039;Orientation<\/title>\n<meta name=\"description\" content=\"Bienvenue sur le site du club Brive Limousin CO ! Retrouvez toute notre actualit\u00e9 loisir et comp\u00e9tition.\" \/>\n<meta name=\"robots\" content=\"index, follow, max-snippet:-1, max-image-preview:large, max-video-preview:-1\" \/>\n<link rel=\"canonical\" href=\"https:\/\/brivelimousinco.fr\/\" \/>\n<meta property=\"og:locale\" content=\"en_US\" \/>\n<meta property=\"og:type\" content=\"article\" \/>\n<meta property=\"og:title\" content=\"Brive Limousin Course d&#039;Orientation\" \/>\n<meta property=\"og:description\" content=\"Bienvenue sur le site du club Brive Limousin CO ! Retrouvez toute notre actualit\u00e9 loisir et comp\u00e9tition.\" \/>\n<meta property=\"og:url\" content=\"https:\/\/brivelimousinco.fr\/\" \/>\n<meta property=\"article:modified_time\" content=\"2026-03-30T16:46:24+00:00\" \/>\n<meta property=\"og:image\" content=\"http:\/\/brivelimousinco.fr\/wp-content\/uploads\/2024\/05\/Bureau_PPT-2.png\" \/>\n<meta name=\"twitter:card\" content=\"summary_large_image\" \/>\n<meta name=\"twitter:label1\" content=\"Est. reading time\" \/>\n\t<meta name=\"twitter:data1\" content=\"1 minute\" \/>\n<script type=\"application\/ld+json\" class=\"yoast-schema-graph\">{\"@context\":\"https:\\\/\\\/schema.org\",\"@graph\":[{\"@type\":\"WebPage\",\"@id\":\"https:\\\/\\\/brivelimousinco.fr\\\/\",\"url\":\"https:\\\/\\\/brivelimousinco.fr\\\/\",\"name\":\"Brive Limousin Course d'Orientation\",\"isPartOf\":{\"@id\":\"https:\\\/\\\/brivelimousinco.fr\\\/#website\"},\"primaryImageOfPage\":{\"@id\":\"https:\\\/\\\/brivelimousinco.fr\\\/#primaryimage\"},\"image\":{\"@id\":\"https:\\\/\\\/brivelimousinco.fr\\\/#primaryimage\"},\"thumbnailUrl\":\"http:\\\/\\\/brivelimousinco.fr\\\/wp-content\\\/uploads\\\/2024\\\/05\\\/Bureau_PPT-2.png\",\"datePublished\":\"2024-02-26T09:42:02+00:00\",\"dateModified\":\"2026-03-30T16:46:24+00:00\",\"description\":\"Bienvenue sur le site du club Brive Limousin CO ! Retrouvez toute notre actualit\u00e9 loisir et comp\u00e9tition.\",\"breadcrumb\":{\"@id\":\"https:\\\/\\\/brivelimousinco.fr\\\/#breadcrumb\"},\"inLanguage\":\"en-US\",\"potentialAction\":[{\"@type\":\"ReadAction\",\"target\":[\"https:\\\/\\\/brivelimousinco.fr\\\/\"]}]},{\"@type\":\"ImageObject\",\"inLanguage\":\"en-US\",\"@id\":\"https:\\\/\\\/brivelimousinco.fr\\\/#primaryimage\",\"url\":\"https:\\\/\\\/brivelimousinco.fr\\\/wp-content\\\/uploads\\\/2024\\\/05\\\/Bureau_PPT-2.png\",\"contentUrl\":\"https:\\\/\\\/brivelimousinco.fr\\\/wp-content\\\/uploads\\\/2024\\\/05\\\/Bureau_PPT-2.png\",\"width\":4000,\"height\":2250},{\"@type\":\"BreadcrumbList\",\"@id\":\"https:\\\/\\\/brivelimousinco.fr\\\/#breadcrumb\",\"itemListElement\":[{\"@type\":\"ListItem\",\"position\":1,\"name\":\"Accueil\",\"item\":\"https:\\\/\\\/brivelimousinco.fr\\\/\"},{\"@type\":\"ListItem\",\"position\":2,\"name\":\"Accueil\"}]},{\"@type\":\"WebSite\",\"@id\":\"https:\\\/\\\/brivelimousinco.fr\\\/#website\",\"url\":\"https:\\\/\\\/brivelimousinco.fr\\\/\",\"name\":\"\",\"description\":\"\",\"potentialAction\":[{\"@type\":\"SearchAction\",\"target\":{\"@type\":\"EntryPoint\",\"urlTemplate\":\"https:\\\/\\\/brivelimousinco.fr\\\/?s={search_term_string}\"},\"query-input\":{\"@type\":\"PropertyValueSpecification\",\"valueRequired\":true,\"valueName\":\"search_term_string\"}}],\"inLanguage\":\"en-US\"}]}<\/script>\n<!-- \/ Yoast SEO plugin. -->","yoast_head_json":{"title":"Brive Limousin Course d'Orientation","description":"Bienvenue sur le site du club Brive Limousin CO ! Retrouvez toute notre actualit\u00e9 loisir et comp\u00e9tition.","robots":{"index":"index","follow":"follow","max-snippet":"max-snippet:-1","max-image-preview":"max-image-preview:large","max-video-preview":"max-video-preview:-1"},"canonical":"https:\/\/brivelimousinco.fr\/","og_locale":"en_US","og_type":"article","og_title":"Brive Limousin Course d'Orientation","og_description":"Bienvenue sur le site du club Brive Limousin CO ! Retrouvez toute notre actualit\u00e9 loisir et comp\u00e9tition.","og_url":"https:\/\/brivelimousinco.fr\/","article_modified_time":"2026-03-30T16:46:24+00:00","og_image":[{"url":"http:\/\/brivelimousinco.fr\/wp-content\/uploads\/2024\/05\/Bureau_PPT-2.png","type":"","width":"","height":""}],"twitter_card":"summary_large_image","twitter_misc":{"Est. reading time":"1 minute"},"schema":{"@context":"https:\/\/schema.org","@graph":[{"@type":"WebPage","@id":"https:\/\/brivelimousinco.fr\/","url":"https:\/\/brivelimousinco.fr\/","name":"Brive Limousin Course d'Orientation","isPartOf":{"@id":"https:\/\/brivelimousinco.fr\/#website"},"primaryImageOfPage":{"@id":"https:\/\/brivelimousinco.fr\/#primaryimage"},"image":{"@id":"https:\/\/brivelimousinco.fr\/#primaryimage"},"thumbnailUrl":"http:\/\/brivelimousinco.fr\/wp-content\/uploads\/2024\/05\/Bureau_PPT-2.png","datePublished":"2024-02-26T09:42:02+00:00","dateModified":"2026-03-30T16:46:24+00:00","description":"Bienvenue sur le site du club Brive Limousin CO ! Retrouvez toute notre actualit\u00e9 loisir et comp\u00e9tition.","breadcrumb":{"@id":"https:\/\/brivelimousinco.fr\/#breadcrumb"},"inLanguage":"en-US","potentialAction":[{"@type":"ReadAction","target":["https:\/\/brivelimousinco.fr\/"]}]},{"@type":"ImageObject","inLanguage":"en-US","@id":"https:\/\/brivelimousinco.fr\/#primaryimage","url":"https:\/\/brivelimousinco.fr\/wp-content\/uploads\/2024\/05\/Bureau_PPT-2.png","contentUrl":"https:\/\/brivelimousinco.fr\/wp-content\/uploads\/2024\/05\/Bureau_PPT-2.png","width":4000,"height":2250},{"@type":"BreadcrumbList","@id":"https:\/\/brivelimousinco.fr\/#breadcrumb","itemListElement":[{"@type":"ListItem","position":1,"name":"Accueil","item":"https:\/\/brivelimousinco.fr\/"},{"@type":"ListItem","position":2,"name":"Accueil"}]},{"@type":"WebSite","@id":"https:\/\/brivelimousinco.fr\/#website","url":"https:\/\/brivelimousinco.fr\/","name":"","description":"","potentialAction":[{"@type":"SearchAction","target":{"@type":"EntryPoint","urlTemplate":"https:\/\/brivelimousinco.fr\/?s={search_term_string}"},"query-input":{"@type":"PropertyValueSpecification","valueRequired":true,"valueName":"search_term_string"}}],"inLanguage":"en-US"}]}},"_links":{"self":[{"href":"https:\/\/brivelimousinco.fr\/index.php?rest_route=\/wp\/v2\/pages\/47","targetHints":{"allow":["GET"]}}],"collection":[{"href":"https:\/\/brivelimousinco.fr\/index.php?rest_route=\/wp\/v2\/pages"}],"about":[{"href":"https:\/\/brivelimousinco.fr\/index.php?rest_route=\/wp\/v2\/types\/page"}],"author":[{"embeddable":true,"href":"https:\/\/brivelimousinco.fr\/index.php?rest_route=\/wp\/v2\/users\/1"}],"replies":[{"embeddable":true,"href":"https:\/\/brivelimousinco.fr\/index.php?rest_route=%2Fwp%2Fv2%2Fcomments&post=47"}],"version-history":[{"count":249,"href":"https:\/\/brivelimousinco.fr\/index.php?rest_route=\/wp\/v2\/pages\/47\/revisions"}],"predecessor-version":[{"id":1305,"href":"https:\/\/brivelimousinco.fr\/index.php?rest_route=\/wp\/v2\/pages\/47\/revisions\/1305"}],"wp:attachment":[{"href":"https:\/\/brivelimousinco.fr\/index.php?rest_route=%2Fwp%2Fv2%2Fmedia&parent=47"}],"curies":[{"name":"wp","href":"https:\/\/api.w.org\/{rel}","templated":true}]}}